{"id":11330,"date":"2024-01-03T18:25:47","date_gmt":"2024-01-03T17:25:47","guid":{"rendered":"https:\/\/alphaavenue.ai\/?page_id=11330"},"modified":"2026-04-07T16:11:24","modified_gmt":"2026-04-07T14:11:24","slug":"pie-de-imprenta","status":"publish","type":"page","link":"https:\/\/alphaavenue.ai\/es\/pie-de-imprenta\/","title":{"rendered":"Pie de imprenta"},"content":{"rendered":"\t\t<div data-elementor-type=\"wp-page\" data-elementor-id=\"11330\" class=\"elementor elementor-11330 elementor-1922\" data-elementor-post-type=\"page\">\n\t\t\t\t<div class=\"elementor-element elementor-element-5e2c1eab e-flex e-con-boxed e-con e-parent\" data-id=\"5e2c1eab\" data-element_type=\"container\" data-e-type=\"container\">\n\t\t\t\t\t<div class=\"e-con-inner\">\n\t\t\t\t<div class=\"elementor-element elementor-element-33e1885d elementor-widget elementor-widget-text-editor\" data-id=\"33e1885d\" data-element_type=\"widget\" data-e-type=\"widget\" data-widget_type=\"text-editor.default\">\n\t\t\t\t<div class=\"elementor-widget-container\">\n\t\t\t\t\t\t\t\t\t<h1>Aviso legal<\/h1><p><strong>CallunaLabs GmbH<\/strong><br \/>Katzenstra\u00dfe 1a<br \/>21335 L\u00fcneburg<\/p><p>Registro mercantil: HRB 212597<br \/>Tribunal de registro: Juzgado de primera instancia e instrucci\u00f3n de L\u00fcneburg<\/p><p><b>Representada por:<\/b><br \/>Justus Becker y Heiko Stammel<\/p><p><b style=\"font-size: 1rem;\">Responsible for the content pursuant to Section 18(2) of the Media Services State Treaty (MStV):<\/b><\/p><p><span style=\"font-size: 1rem;\">Justus Becker<\/span><\/p><h2>Contact<\/h2><p>Phone: +49 4178 81 80 41<br \/>E-Mail: <a href=\"mailto:social@alphaavenue.ai\">social@alphaavenue.ai<\/a><br \/>Internet: <a href=\"https:\/\/alphaavenue.ai\">https:\/\/alphaavenue.ai<\/a><\/p><h2>N\u00famero de identificaci\u00f3n fiscal<\/h2><p>N\u00famero de identificaci\u00f3n fiscal conforme al art\u00edculo 27 a de la Ley alemana del Impuesto sobre el Valor A\u00f1adido:<br \/>DE451591925<\/p><h2>Agencia de dise\u00f1o<\/h2><p><a href=\"http:\/\/www.heynink.com\/\" target=\"_blank\" rel=\"noopener\">heynink.com<\/a><\/p><h2>Resoluci\u00f3n de litigios en la UE<\/h2><p>La Comisi\u00f3n Europea facilita una plataforma de resoluci\u00f3n de litigios en l\u00ednea (RLL): <a href=\"https:\/\/ec.europa.eu\/consumers\/odr\/\" target=\"_blank\" rel=\"noopener\">https:\/\/ec.europa.eu\/consumers\/odr\/<\/a>.<br \/>Nuestra direcci\u00f3n de correo electr\u00f3nico se encuentra en el aviso legal.<\/p><h2>Resoluci\u00f3n de litigios de consumo\/Organismo de conciliaci\u00f3n universal<\/h2><p>No estamos dispuestos ni obligados a participar en procedimientos de resoluci\u00f3n de litigios ante un organismo de conciliaci\u00f3n de consumo.<\/p><p>Fuente: <a href=\"https:\/\/www.e-recht24.de\/impressum-generator.html\" target=\"_blank\" rel=\"noopener\">https:\/\/www.e-recht24.de\/impressum- generator.html<\/a><\/p>\t\t\t\t\t\t\t\t<\/div>\n\t\t\t\t<\/div>\n\t\t\t\t\t<\/div>\n\t\t\t\t<\/div>\n\t\t\t\t<\/div>\n\t\t","protected":false},"excerpt":{"rendered":"<p>Aviso legal CallunaLabs GmbHKatzenstra\u00dfe 1a21335 L\u00fcneburg Registro mercantil: HRB 212597Tribunal de registro: Juzgado de primera instancia e instrucci\u00f3n de L\u00fcneburg Representada por:Justus Becker y Heiko Stammel Responsible for the content pursuant to Section 18(2) of the Media Services State Treaty (MStV): Justus Becker Contact Phone: +49 4178 81 80 41E-Mail: social@alphaavenue.aiInternet: https:\/\/alphaavenue.ai N\u00famero de identificaci\u00f3n [&hellip;]<\/p>\n","protected":false},"author":6,"featured_media":0,"parent":0,"menu_order":0,"comment_status":"closed","ping_status":"closed","template":"elementor_theme","meta":{"_acf_changed":false,"_uag_custom_page_level_css":"","footnotes":""},"class_list":["post-11330","page","type-page","status-publish","hentry"],"acf":[],"spectra_custom_meta":{"rank_math_internal_links_processed":["1"],"_elementor_edit_mode":["builder"],"_elementor_template_type":["wp-page"],"_wpml_media_duplicate":["1"],"_wpml_media_featured":["1"],"_wp_page_template":["elementor_theme"],"_elementor_data":["[{\"id\":\"5e2c1eab\",\"elType\":\"container\",\"settings\":{\"display_condition_list\":[{\"display_condition_login_status\":\"subscriber\",\"_id\":\"6b74d6f\"}]},\"elements\":[{\"id\":\"33e1885d\",\"elType\":\"widget\",\"settings\":{\"editor\":\"<h1>Aviso legal<\\\/h1><p><strong>CallunaLabs GmbH<\\\/strong><br \\\/>Katzenstra\\u00dfe 1a<br \\\/>21335 L\\u00fcneburg<\\\/p><p>Registro mercantil: HRB 212597<br \\\/>Tribunal de registro: Juzgado de primera instancia e instrucci\\u00f3n de L\\u00fcneburg<\\\/p><p><b>Representada por:<\\\/b><br \\\/>Justus Becker y Heiko Stammel<\\\/p><p><b style=\\\"font-size: 1rem;\\\">Responsible for the content pursuant to Section 18(2) of the Media Services State Treaty (MStV):<\\\/b><\\\/p><p><span style=\\\"font-size: 1rem;\\\">Justus Becker<\\\/span><\\\/p><h2>Contact<\\\/h2><p>Phone: +49 4178 81 80 41<br \\\/>E-Mail: <a href=\\\"mailto:social@alphaavenue.ai\\\">social@alphaavenue.ai<\\\/a><br \\\/>Internet: <a href=\\\"https:\\\/\\\/alphaavenue.ai\\\">https:\\\/\\\/alphaavenue.ai<\\\/a><\\\/p><h2>N\\u00famero de identificaci\\u00f3n fiscal<\\\/h2><p>N\\u00famero de identificaci\\u00f3n fiscal conforme al art\\u00edculo 27 a de la Ley alemana del Impuesto sobre el Valor A\\u00f1adido:<br \\\/>DE451591925<\\\/p><h2>Agencia de dise\\u00f1o<\\\/h2><p><a href=\\\"http:\\\/\\\/www.heynink.com\\\/\\\">heynink.com<\\\/a><\\\/p><h2>Resoluci\\u00f3n de litigios en la UE<\\\/h2><p>La Comisi\\u00f3n Europea facilita una plataforma de resoluci\\u00f3n de litigios en l\\u00ednea (RLL): <a href=\\\"https:\\\/\\\/ec.europa.eu\\\/consumers\\\/odr\\\/\\\">https:\\\/\\\/ec.europa.eu\\\/consumers\\\/odr\\\/<\\\/a>.<br \\\/>Nuestra direcci\\u00f3n de correo electr\\u00f3nico se encuentra en el aviso legal.<\\\/p><h2>Resoluci\\u00f3n de litigios de consumo\\\/Organismo de conciliaci\\u00f3n universal<\\\/h2><p>No estamos dispuestos ni obligados a participar en procedimientos de resoluci\\u00f3n de litigios ante un organismo de conciliaci\\u00f3n de consumo.<\\\/p><p>Fuente: <a href=\\\"https:\\\/\\\/www.e-recht24.de\\\/impressum-generator.html\\\">https:\\\/\\\/www.e-recht24.de\\\/impressum- generator.html<\\\/a><\\\/p>\",\"display_condition_list\":[{\"display_condition_login_status\":\"subscriber\",\"_id\":\"b1a7d8f\"}]},\"elements\":[],\"widgetType\":\"text-editor\"}],\"isInner\":false}]"],"rank_math_robots":["a:1:{i:1;s:5:\"index\";}","a:1:{i:1;s:5:\"index\";}"],"_elementor_template_widget_type":[""],"_elementor_popup_display_settings":[""],"_last_translation_edit_mode":["native-editor"],"_edit_lock":["1775570949:6"],"rank_math_seo_score":["19"],"_edit_last":["6"],"ilj_blacklistdefinition":["a:0:{}"],"ilj_linkdefinition":["a:0:{}"],"rank_math_analytic_object_id":["370"],"_elementor_pro_version":["4.0.1"],"_wpml_word_count":["184"],"_uagb_previous_block_counts":["a:90:{s:21:\"uagb\/advanced-heading\";i:0;s:15:\"uagb\/blockquote\";i:0;s:12:\"uagb\/buttons\";i:0;s:18:\"uagb\/buttons-child\";i:0;s:19:\"uagb\/call-to-action\";i:0;s:15:\"uagb\/cf7-styler\";i:0;s:11:\"uagb\/column\";i:0;s:12:\"uagb\/columns\";i:0;s:14:\"uagb\/container\";i:0;s:21:\"uagb\/content-timeline\";i:0;s:27:\"uagb\/content-timeline-child\";i:0;s:14:\"uagb\/countdown\";i:0;s:12:\"uagb\/counter\";i:0;s:8:\"uagb\/faq\";i:0;s:14:\"uagb\/faq-child\";i:0;s:10:\"uagb\/forms\";i:0;s:17:\"uagb\/forms-accept\";i:0;s:19:\"uagb\/forms-checkbox\";i:0;s:15:\"uagb\/forms-date\";i:0;s:16:\"uagb\/forms-email\";i:0;s:17:\"uagb\/forms-hidden\";i:0;s:15:\"uagb\/forms-name\";i:0;s:16:\"uagb\/forms-phone\";i:0;s:16:\"uagb\/forms-radio\";i:0;s:17:\"uagb\/forms-select\";i:0;s:19:\"uagb\/forms-textarea\";i:0;s:17:\"uagb\/forms-toggle\";i:0;s:14:\"uagb\/forms-url\";i:0;s:14:\"uagb\/gf-styler\";i:0;s:15:\"uagb\/google-map\";i:0;s:11:\"uagb\/how-to\";i:0;s:16:\"uagb\/how-to-step\";i:0;s:9:\"uagb\/icon\";i:0;s:14:\"uagb\/icon-list\";i:0;s:20:\"uagb\/icon-list-child\";i:0;s:10:\"uagb\/image\";i:0;s:18:\"uagb\/image-gallery\";i:0;s:13:\"uagb\/info-box\";i:0;s:18:\"uagb\/inline-notice\";i:0;s:11:\"uagb\/lottie\";i:0;s:21:\"uagb\/marketing-button\";i:0;s:10:\"uagb\/modal\";i:0;s:18:\"uagb\/popup-builder\";i:0;s:16:\"uagb\/post-button\";i:0;s:18:\"uagb\/post-carousel\";i:0;s:17:\"uagb\/post-excerpt\";i:0;s:14:\"uagb\/post-grid\";i:0;s:15:\"uagb\/post-image\";i:0;s:17:\"uagb\/post-masonry\";i:0;s:14:\"uagb\/post-meta\";i:0;s:18:\"uagb\/post-taxonomy\";i:0;s:18:\"uagb\/post-timeline\";i:0;s:15:\"uagb\/post-title\";i:0;s:20:\"uagb\/restaurant-menu\";i:0;s:26:\"uagb\/restaurant-menu-child\";i:0;s:11:\"uagb\/review\";i:0;s:12:\"uagb\/section\";i:0;s:14:\"uagb\/separator\";i:0;s:11:\"uagb\/slider\";i:0;s:17:\"uagb\/slider-child\";i:0;s:17:\"uagb\/social-share\";i:0;s:23:\"uagb\/social-share-child\";i:0;s:16:\"uagb\/star-rating\";i:0;s:23:\"uagb\/sure-cart-checkout\";i:0;s:22:\"uagb\/sure-cart-product\";i:0;s:15:\"uagb\/sure-forms\";i:0;s:22:\"uagb\/table-of-contents\";i:0;s:9:\"uagb\/tabs\";i:0;s:15:\"uagb\/tabs-child\";i:0;s:18:\"uagb\/taxonomy-list\";i:0;s:9:\"uagb\/team\";i:0;s:16:\"uagb\/testimonial\";i:0;s:14:\"uagb\/wp-search\";i:0;s:19:\"uagb\/instagram-feed\";i:0;s:10:\"uagb\/login\";i:0;s:17:\"uagb\/loop-builder\";i:0;s:18:\"uagb\/loop-category\";i:0;s:20:\"uagb\/loop-pagination\";i:0;s:15:\"uagb\/loop-reset\";i:0;s:16:\"uagb\/loop-search\";i:0;s:14:\"uagb\/loop-sort\";i:0;s:17:\"uagb\/loop-wrapper\";i:0;s:13:\"uagb\/register\";i:0;s:19:\"uagb\/register-email\";i:0;s:24:\"uagb\/register-first-name\";i:0;s:23:\"uagb\/register-last-name\";i:0;s:22:\"uagb\/register-password\";i:0;s:30:\"uagb\/register-reenter-password\";i:0;s:19:\"uagb\/register-terms\";i:0;s:22:\"uagb\/register-username\";i:0;}"],"_elementor_version":["4.0.1"],"_elementor_controls_usage":["a:2:{s:11:\"text-editor\";a:3:{s:5:\"count\";i:1;s:15:\"control_percent\";i:1;s:8:\"controls\";a:2:{s:7:\"content\";a:1:{s:14:\"section_editor\";a:1:{s:6:\"editor\";i:1;}}s:8:\"advanced\";a:1:{s:26:\"display_conditions_section\";a:1:{s:22:\"display_condition_list\";i:1;}}}}s:9:\"container\";a:3:{s:5:\"count\";i:1;s:15:\"control_percent\";i:0;s:8:\"controls\";a:1:{s:8:\"advanced\";a:1:{s:26:\"display_conditions_section\";a:1:{s:22:\"display_condition_list\";i:1;}}}}}"],"_elementor_page_settings":[""],"_uag_css_file_name":["uag-css-11330.css"],"_uag_page_assets":["a:9:{s:3:\"css\";s:260:\".uag-blocks-common-selector{z-index:var(--z-index-desktop) !important}@media(max-width: 976px){.uag-blocks-common-selector{z-index:var(--z-index-tablet) !important}}@media(max-width: 767px){.uag-blocks-common-selector{z-index:var(--z-index-mobile) !important}}\";s:2:\"js\";s:0:\"\";s:18:\"current_block_list\";a:7:{i:0;s:11:\"core\/search\";i:1;s:10:\"core\/group\";i:2;s:12:\"core\/heading\";i:3;s:17:\"core\/latest-posts\";i:4;s:20:\"core\/latest-comments\";i:5;s:13:\"core\/archives\";i:6;s:15:\"core\/categories\";}s:8:\"uag_flag\";b:0;s:11:\"uag_version\";s:10:\"1777678582\";s:6:\"gfonts\";a:0:{}s:10:\"gfonts_url\";s:0:\"\";s:12:\"gfonts_files\";a:0:{}s:14:\"uag_faq_layout\";b:0;}"],"_elementor_page_assets":["a:1:{s:7:\"scripts\";a:1:{i:0;s:18:\"elementor-frontend\";}}"],"_elementor_css":["a:6:{s:4:\"time\";i:1777738092;s:5:\"fonts\";a:0:{}s:5:\"icons\";a:0:{}s:20:\"dynamic_elements_ids\";a:0:{}s:6:\"status\";s:4:\"file\";i:0;s:0:\"\";}"],"_elementor_element_cache":["{\"timeout\":1777918820,\"value\":{\"content\":\"<div class=\\\"elementor-element elementor-element-5e2c1eab e-flex e-con-boxed e-con e-parent\\\" data-id=\\\"5e2c1eab\\\" data-element_type=\\\"container\\\" data-e-type=\\\"container\\\">\\n\\t\\t\\t\\t\\t<div class=\\\"e-con-inner\\\">\\n\\t\\t[elementor-element k=\\\"97f9aa7214e7edbe29eb4408b6f3d27a\\\" data=\\\"eyJpZCI6IjMzZTE4ODVkIiwiZWxUeXBlIjoid2lkZ2V0Iiwic2V0dGluZ3MiOnsiZWRpdG9yIjoiPGgxPkF2aXNvIGxlZ2FsPFwvaDE+PHA+PHN0cm9uZz5DYWxsdW5hTGFicyBHbWJIPFwvc3Ryb25nPjxiciBcLz5LYXR6ZW5zdHJhXHUwMGRmZSAxYTxiciBcLz4yMTMzNSBMXHUwMGZjbmVidXJnPFwvcD48cD5SZWdpc3RybyBtZXJjYW50aWw6IEhSQiAyMTI1OTc8YnIgXC8+VHJpYnVuYWwgZGUgcmVnaXN0cm86IEp1emdhZG8gZGUgcHJpbWVyYSBpbnN0YW5jaWEgZSBpbnN0cnVjY2lcdTAwZjNuIGRlIExcdTAwZmNuZWJ1cmc8XC9wPjxwPjxiPlJlcHJlc2VudGFkYSBwb3I6PFwvYj48YnIgXC8+SnVzdHVzIEJlY2tlciB5IEhlaWtvIFN0YW1tZWw8XC9wPjxwPjxiIHN0eWxlPVwiZm9udC1zaXplOiAxcmVtO1wiPlJlc3BvbnNpYmxlIGZvciB0aGUgY29udGVudCBwdXJzdWFudCB0byBTZWN0aW9uIDE4KDIpIG9mIHRoZSBNZWRpYSBTZXJ2aWNlcyBTdGF0ZSBUcmVhdHkgKE1TdFYpOjxcL2I+PFwvcD48cD48c3BhbiBzdHlsZT1cImZvbnQtc2l6ZTogMXJlbTtcIj5KdXN0dXMgQmVja2VyPFwvc3Bhbj48XC9wPjxoMj5Db250YWN0PFwvaDI+PHA+UGhvbmU6ICs0OSA0MTc4IDgxIDgwIDQxPGJyIFwvPkUtTWFpbDogPGEgaHJlZj1cIm1haWx0bzpzb2NpYWxAYWxwaGFhdmVudWUuYWlcIj5zb2NpYWxAYWxwaGFhdmVudWUuYWk8XC9hPjxiciBcLz5JbnRlcm5ldDogPGEgaHJlZj1cImh0dHBzOlwvXC9hbHBoYWF2ZW51ZS5haVwiPmh0dHBzOlwvXC9hbHBoYWF2ZW51ZS5haTxcL2E+PFwvcD48aDI+Tlx1MDBmYW1lcm8gZGUgaWRlbnRpZmljYWNpXHUwMGYzbiBmaXNjYWw8XC9oMj48cD5OXHUwMGZhbWVybyBkZSBpZGVudGlmaWNhY2lcdTAwZjNuIGZpc2NhbCBjb25mb3JtZSBhbCBhcnRcdTAwZWRjdWxvIDI3IGEgZGUgbGEgTGV5IGFsZW1hbmEgZGVsIEltcHVlc3RvIHNvYnJlIGVsIFZhbG9yIEFcdTAwZjFhZGlkbzo8YnIgXC8+REU0NTE1OTE5MjU8XC9wPjxoMj5BZ2VuY2lhIGRlIGRpc2VcdTAwZjFvPFwvaDI+PHA+PGEgaHJlZj1cImh0dHA6XC9cL3d3dy5oZXluaW5rLmNvbVwvXCI+aGV5bmluay5jb208XC9hPjxcL3A+PGgyPlJlc29sdWNpXHUwMGYzbiBkZSBsaXRpZ2lvcyBlbiBsYSBVRTxcL2gyPjxwPkxhIENvbWlzaVx1MDBmM24gRXVyb3BlYSBmYWNpbGl0YSB1bmEgcGxhdGFmb3JtYSBkZSByZXNvbHVjaVx1MDBmM24gZGUgbGl0aWdpb3MgZW4gbFx1MDBlZG5lYSAoUkxMKTogPGEgaHJlZj1cImh0dHBzOlwvXC9lYy5ldXJvcGEuZXVcL2NvbnN1bWVyc1wvb2RyXC9cIj5odHRwczpcL1wvZWMuZXVyb3BhLmV1XC9jb25zdW1lcnNcL29kclwvPFwvYT4uPGJyIFwvPk51ZXN0cmEgZGlyZWNjaVx1MDBmM24gZGUgY29ycmVvIGVsZWN0clx1MDBmM25pY28gc2UgZW5jdWVudHJhIGVuIGVsIGF2aXNvIGxlZ2FsLjxcL3A+PGgyPlJlc29sdWNpXHUwMGYzbiBkZSBsaXRpZ2lvcyBkZSBjb25zdW1vXC9PcmdhbmlzbW8gZGUgY29uY2lsaWFjaVx1MDBmM24gdW5pdmVyc2FsPFwvaDI+PHA+Tm8gZXN0YW1vcyBkaXNwdWVzdG9zIG5pIG9ibGlnYWRvcyBhIHBhcnRpY2lwYXIgZW4gcHJvY2VkaW1pZW50b3MgZGUgcmVzb2x1Y2lcdTAwZjNuIGRlIGxpdGlnaW9zIGFudGUgdW4gb3JnYW5pc21vIGRlIGNvbmNpbGlhY2lcdTAwZjNuIGRlIGNvbnN1bW8uPFwvcD48cD5GdWVudGU6IDxhIGhyZWY9XCJodHRwczpcL1wvd3d3LmUtcmVjaHQyNC5kZVwvaW1wcmVzc3VtLWdlbmVyYXRvci5odG1sXCI+aHR0cHM6XC9cL3d3dy5lLXJlY2h0MjQuZGVcL2ltcHJlc3N1bS0gZ2VuZXJhdG9yLmh0bWw8XC9hPjxcL3A+IiwiZGlzcGxheV9jb25kaXRpb25fbGlzdCI6W3siZGlzcGxheV9jb25kaXRpb25fbG9naW5fc3RhdHVzIjoic3Vic2NyaWJlciIsIl9pZCI6ImIxYTdkOGYifV19LCJlbGVtZW50cyI6W10sIndpZGdldFR5cGUiOiJ0ZXh0LWVkaXRvciJ9\\\"]\\t\\t\\t<\\\/div>\\n\\t\\t\\t\\t<\\\/div>\\n\\t\\t\",\"scripts\":[],\"styles\":[]}}"]},"uagb_featured_image_src":{"full":false,"thumbnail":false,"medium":false,"medium_large":false,"large":false,"1536x1536":false,"2048x2048":false},"uagb_author_info":{"display_name":"Justus Becker","author_link":"https:\/\/alphaavenue.ai\/es\/author\/justus-becker\/"},"uagb_comment_info":0,"uagb_excerpt":"Aviso legal CallunaLabs GmbHKatzenstra\u00dfe 1a21335 L\u00fcneburg Registro mercantil: HRB 212597Tribunal de registro: Juzgado de primera instancia e instrucci\u00f3n de L\u00fcneburg Representada por:Justus Becker y Heiko Stammel Responsible for the content pursuant to Section 18(2) of the Media Services State Treaty (MStV): Justus Becker Contact Phone: +49 4178 81 80 41E-Mail: social@alphaavenue.aiInternet: https:\/\/alphaavenue.ai N\u00famero de identificaci\u00f3n&hellip;","_links":{"self":[{"href":"https:\/\/alphaavenue.ai\/es\/wp-json\/wp\/v2\/pages\/11330","targetHints":{"allow":["GET"]}}],"collection":[{"href":"https:\/\/alphaavenue.ai\/es\/wp-json\/wp\/v2\/pages"}],"about":[{"href":"https:\/\/alphaavenue.ai\/es\/wp-json\/wp\/v2\/types\/page"}],"author":[{"embeddable":true,"href":"https:\/\/alphaavenue.ai\/es\/wp-json\/wp\/v2\/users\/6"}],"replies":[{"embeddable":true,"href":"https:\/\/alphaavenue.ai\/es\/wp-json\/wp\/v2\/comments?post=11330"}],"version-history":[{"count":10,"href":"https:\/\/alphaavenue.ai\/es\/wp-json\/wp\/v2\/pages\/11330\/revisions"}],"predecessor-version":[{"id":13500,"href":"https:\/\/alphaavenue.ai\/es\/wp-json\/wp\/v2\/pages\/11330\/revisions\/13500"}],"wp:attachment":[{"href":"https:\/\/alphaavenue.ai\/es\/wp-json\/wp\/v2\/media?parent=11330"}],"curies":[{"name":"wp","href":"https:\/\/api.w.org\/{rel}","templated":true}]}}